{"id":453,"date":"2018-07-13T11:58:20","date_gmt":"2018-07-13T10:58:20","guid":{"rendered":"http:\/\/website-154517-711832.gettingdigit-hub.com\/?page_id=453"},"modified":"2024-08-09T15:31:38","modified_gmt":"2024-08-09T14:31:38","slug":"references","status":"publish","type":"page","link":"https:\/\/arrabal.ch\/?page_id=453","title":{"rendered":"REFERENCES"},"content":{"rendered":"<h1>public<\/h1>\n<h4>Fondation HBM Emma Kammacher (FEK)<\/h4>\n<h5><a href=\"https:\/\/arrabal.ch\/portfolio\/renovation-dun-batiment-de-logements-i-route-des-acacias-11\/\">R\u00e9novation d&rsquo;un immeuble de logements et de ses am\u00e9nagements ext\u00e9rieurs \/ Route des Acacias 11, Gen\u00e8ve<\/a><\/h5>\n<h5><a href=\"https:\/\/arrabal.ch\/portfolio\/vegetalisation-dune-facade-et-creation-dune-aire-de-jeux\/\">R\u00e9novation d&rsquo;un immeuble de logements et de ses am\u00e9nagements ext\u00e9rieurs \/ 86-88 rue de Gen\u00e8ve, 1225 Ch\u00eane-Bourg\u00a0<\/a><\/h5>\n<h5>Am\u00e9nagements ext\u00e9rieurs d&rsquo;un nouvel immeuble de logements \/ Le Rolliet, pi\u00e8ce G2, Plan les Ouates<\/h5>\n<h4>Fondation HBM Camille Martin (FCM)<\/h4>\n<h5>R\u00e9novation d&rsquo;un immeuble de logements et de ses am\u00e9nagements ext\u00e9rieurs \/ Route du Bois des Fr\u00e8res, Vernier<\/h5>\n<h4>Fondation Barry<\/h4>\n<h5><a href=\"https:\/\/arrabal.ch\/?portfolio=mep-pour-le-nouveau-musee-du-chien-saint-bernard-i-martigny\">MEP pour le nouveau mus\u00e9e du chien Sint Bernard \/ Martigny<br \/>\n<\/a><\/h5>\n<h4>Ville d&rsquo;Ani\u00e8res<\/h4>\n<h5><a href=\"https:\/\/arrabal.ch\/?portfolio=creation-dune-sculpture-vegetale-et-amenagements-exterieurs-dun-immeuble-administratif\">Avant-projet de PLQ, Les Avallons \/ Ani\u00e8res<br \/>\n<\/a><\/h5>\n<h4>Institut canc\u00e9rologique Gustave Roussy<\/h4>\n<h5>Am\u00e9nagement d&rsquo;une espace de vie pour les enfants hospitalis\u00e9s<\/h5>\n<h4>Fondation Perceval<\/h4>\n<h5>MEP pour l&rsquo;extension d&rsquo;un foyer pour jeunes adultes en situation d&rsquo;handicap<\/h5>\n<h1>pRIV\u00e9<\/h1>\n<h4>Swisscanto Anlagestiftung<\/h4>\n<h5><a href=\"https:\/\/arrabal.ch\/?portfolio=hub-creation-dune-sculpture-vegetale-et-amenagement-dune-nouvelle-entree-dun-batiment-de-bureaux\">Cr\u00e9ation d&rsquo;une sculpture v\u00e9g\u00e9tale et am\u00e9nagements ext\u00e9rieurs d&rsquo;un immeuble administratif \/ Petit-Lancy<\/a><\/h5>\n<h4>Implenia Suisse SA<\/h4>\n<h5><a href=\"https:\/\/arrabal.ch\/?portfolio=eco-quartier\">Etudes pour la renaturation d&rsquo;un nant et pour les espaces ext\u00e9rieurs d&rsquo;un eco-quartier \/ Onex<br \/>\n<\/a><\/h5>\n<h4>Gefiswiss SA<\/h4>\n<h5>Am\u00e9nagement de deux cours d&rsquo;immeubles \/ Saxon<\/h5>\n<h4>Fondation du Bout-du-Monde<\/h4>\n<h5>Etudes pour les am\u00e9nagements ext\u00e9rieurs de l&rsquo;EMS Val Fleuri \/ Gen\u00e8ve<\/h5>\n<h4>Cabinet m\u00e9dical Tour de Lyon<\/h4>\n<h5><a href=\"https:\/\/arrabal.ch\/?portfolio=amenagement-centre-medical\" target=\"_blank\" rel=\"noopener\">https:\/\/arrabal.ch\/?portfolio=amenagement-centre-medical<\/a><\/h5>\n<h4>Bastet Real Estate SA<\/h4>\n<h5><a href=\"https:\/\/arrabal.ch\/?portfolio=cooperative-logement\">https:\/\/arrabal.ch\/?portfolio=cooperative-logement<\/a><\/h5>\n<h1>architectes partenaires<\/h1>\n<h4>Architech SA<\/h4>\n<h5><a href=\"https:\/\/arrabal.ch\/?portfolio=renovation-dun-batiment-de-logements-i-route-des-acacias-11\">R\u00e9novation d&rsquo;un immeuble de logements et de ses am\u00e9nagements ext\u00e9rieurs \/ Route des Acacias 11, Gen\u00e8ve<\/a><\/h5>\n<h5>R\u00e9novation d&rsquo;un immeuble de logements et de ses am\u00e9nagements ext\u00e9rieurs \/ Route du Bois des Fr\u00e8res, Vernier<\/h5>\n<h5><a href=\"https:\/\/arrabal.ch\/?portfolio=hub-creation-dune-sculpture-vegetale-et-amenagement-dune-nouvelle-entree-dun-batiment-de-bureaux\">Cr\u00e9ation d&rsquo;une sculpture v\u00e9g\u00e9tale et am\u00e9nagements ext\u00e9rieurs d&rsquo;un immeuble administratif \/ Petit-Lancy<\/a><\/h5>\n<h5><a href=\"https:\/\/arrabal.ch\/?portfolio=amenagements-exterieurs-cornavin\">Au Vert!\u00a0 Concours pour l&rsquo;am\u00e9nagement des espaces publics autour de la Gare Cornavin_4\u00e8me prix<\/a><\/h5>\n<h5><a href=\"https:\/\/arrabal.ch\/?portfolio=gsm\">Triptyque, Concours pour les am\u00e9nagements paysagers du nouveau quartier Goutte St. Mathieu_ 3\u00e8me prix<br \/>\n<\/a><\/h5>\n<h5><a href=\"https:\/\/arrabal.ch\/?portfolio=ems-de-goumoens-la-ville\">Lemniscate I Am\u00e9nagement paysager de l&rsquo;EMS de Goumoens-la-Ville_3\u00e8me prix<br \/>\n<\/a><\/h5>\n<h4>De Planta &amp; Associ\u00e9s Architectes SA<\/h4>\n<h5><a href=\"https:\/\/arrabal.ch\/?portfolio=vegetalisation-dune-facade-et-creation-dune-aire-de-jeux\">R\u00e9novation d&rsquo;un immeuble de logements et de ses am\u00e9nagements ext\u00e9rieurs \/ 86-88 rue de Gen\u00e8ve, 1225 Ch\u00eane-Bourg<br \/>\n<\/a><\/h5>\n<h4>Estudio Carme Pinos<\/h4>\n<h5><a href=\"https:\/\/arrabal.ch\/?portfolio=mep-pour-le-nouveau-musee-du-chien-saint-bernard-i-martigny\">MEP pour le nouveau mus\u00e9e du chien Sint Bernard \/ Martigny<br \/>\n<\/a><\/h5>\n<h4>Eo architectes<\/h4>\n<h5>MEP pour l&rsquo;extension d&rsquo;un foyer pour jeunes adultes en situation d&rsquo;handicap<\/h5>\n<h4>Charri\u00e8re Partenaires<\/h4>\n<h5>MEP EMS Domdidier<\/h5>\n<h4>Page Architectes<\/h4>\n<h5>MEP EMS Estavayer le Lac<\/h5>\n<h4>Argem\u00ed Bufano Architectes<\/h4>\n<h5>Am\u00e9nagements ext\u00e9rieurs d&rsquo;un nouvel immeuble de logements \/ Le Rolliet, pi\u00e8ce G2, Plan les Ouates<\/h5>\n<h4>Counson Architecte<\/h4>\n<h5>MEP pour l&rsquo;extension de l&rsquo;EMS de la Fondation Louis Boissonnet<\/h5>\n<h4>Fabio Fossati Architectes SA<\/h4>\n<h5>Etudes pour les am\u00e9nagements ext\u00e9rieurs de l&rsquo;EMS Val Fleuri \/ Gen\u00e8ve<\/h5>\n","protected":false},"excerpt":{"rendered":"<p>public Fondation HBM Emma Kammacher (FEK) R\u00e9novation d&rsquo;un immeuble de logements et de ses am\u00e9nagements ext\u00e9rieurs \/ Route des Acacias 11, Gen\u00e8ve R\u00e9novation d&rsquo;un immeuble de logements et de ses am\u00e9nagements ext\u00e9rieurs \/ 86-88 rue de Gen\u00e8ve, 1225 Ch\u00eane-Bourg\u00a0 Am\u00e9nagements ext\u00e9rieurs d&rsquo;un nouvel immeuble de logements \/ Le Rolliet, pi\u00e8ce G2, Plan les Ouates Fondation [&hellip;]<\/p>\n","protected":false},"author":2,"featured_media":0,"parent":0,"menu_order":0,"comment_status":"closed","ping_status":"closed","template":"","meta":{"_acf_changed":false,"site-sidebar-layout":"default","site-content-layout":"default","ast-site-content-layout":"default","site-content-style":"default","site-sidebar-style":"default","ast-global-header-display":"","ast-banner-title-visibility":"","ast-main-header-display":"","ast-hfb-above-header-display":"","ast-hfb-below-header-display":"","ast-hfb-mobile-header-display":"","site-post-title":"","ast-breadcrumbs-content":"","ast-featured-img":"","footer-sml-layout":"","ast-disable-related-posts":"","theme-transparent-header-meta":"default","adv-header-id-meta":"","stick-header-meta":"","header-above-stick-meta":"","header-main-stick-meta":"","header-below-stick-meta":"","astra-migrate-meta-layouts":"set","ast-page-background-enabled":"default","ast-page-background-meta":{"desktop":{"background-color":"","background-image":"","background-repeat":"repeat","background-position":"center center","background-size":"auto","background-attachment":"scroll","background-type":"","background-media":"","overlay-type":"","overlay-color":"","overlay-opacity":"","overlay-gradient":""},"tablet":{"background-color":"","background-image":"","background-repeat":"repeat","background-position":"center center","background-size":"auto","background-attachment":"scroll","background-type":"","background-media":"","overlay-type":"","overlay-color":"","overlay-opacity":"","overlay-gradient":""},"mobile":{"background-color":"","background-image":"","background-repeat":"repeat","background-position":"center center","background-size":"auto","background-attachment":"scroll","background-type":"","background-media":"","overlay-type":"","overlay-color":"","overlay-opacity":"","overlay-gradient":""}},"ast-content-background-meta":{"desktop":{"background-color":"var(--ast-global-color-5)","background-image":"","background-repeat":"repeat","background-position":"center center","background-size":"auto","background-attachment":"scroll","background-type":"","background-media":"","overlay-type":"","overlay-color":"","overlay-opacity":"","overlay-gradient":""},"tablet":{"background-color":"var(--ast-global-color-5)","background-image":"","background-repeat":"repeat","background-position":"center center","background-size":"auto","background-attachment":"scroll","background-type":"","background-media":"","overlay-type":"","overlay-color":"","overlay-opacity":"","overlay-gradient":""},"mobile":{"background-color":"var(--ast-global-color-5)","background-image":"","background-repeat":"repeat","background-position":"center center","background-size":"auto","background-attachment":"scroll","background-type":"","background-media":"","overlay-type":"","overlay-color":"","overlay-opacity":"","overlay-gradient":""}},"footnotes":""},"class_list":["post-453","page","type-page","status-publish","hentry"],"acf":[],"_links":{"self":[{"href":"https:\/\/arrabal.ch\/index.php?rest_route=\/wp\/v2\/pages\/453","targetHints":{"allow":["GET"]}}],"collection":[{"href":"https:\/\/arrabal.ch\/index.php?rest_route=\/wp\/v2\/pages"}],"about":[{"href":"https:\/\/arrabal.ch\/index.php?rest_route=\/wp\/v2\/types\/page"}],"author":[{"embeddable":true,"href":"https:\/\/arrabal.ch\/index.php?rest_route=\/wp\/v2\/users\/2"}],"replies":[{"embeddable":true,"href":"https:\/\/arrabal.ch\/index.php?rest_route=%2Fwp%2Fv2%2Fcomments&post=453"}],"version-history":[{"count":56,"href":"https:\/\/arrabal.ch\/index.php?rest_route=\/wp\/v2\/pages\/453\/revisions"}],"predecessor-version":[{"id":10460,"href":"https:\/\/arrabal.ch\/index.php?rest_route=\/wp\/v2\/pages\/453\/revisions\/10460"}],"wp:attachment":[{"href":"https:\/\/arrabal.ch\/index.php?rest_route=%2Fwp%2Fv2%2Fmedia&parent=453"}],"curies":[{"name":"wp","href":"https:\/\/api.w.org\/{rel}","templated":true}]}}